{"id":268,"date":"2022-03-26T20:47:35","date_gmt":"2022-03-26T20:47:35","guid":{"rendered":"https:\/\/kaffen-demo.bslthemes.com\/?page_id=268"},"modified":"2025-09-17T09:38:52","modified_gmt":"2025-09-17T09:38:52","slug":"sobre","status":"publish","type":"page","link":"https:\/\/beneditocozinhas.com\/en\/sobre\/","title":{"rendered":"About Us"},"content":{"rendered":"<div data-elementor-type=\"wp-page\" data-elementor-id=\"268\" class=\"elementor elementor-268\">\n\t\t\t\t\t\t<section class=\"elementor-section elementor-top-section elementor-element elementor-element-5b0370f elementor-section-full_width elementor-section-height-default elementor-section-height-default\" data-id=\"5b0370f\" data-element_type=\"section\">\n\t\t\t\t\t\t<div class=\"elementor-container elementor-column-gap-no\">\n\t\t\t\t\t<div class=\"elementor-column elementor-col-100 elementor-top-column elementor-element elementor-element-6dcf525\" data-id=\"6dcf525\" data-element_type=\"column\">\n\t\t\t<div class=\"elementor-widget-wrap elementor-element-populated\">\n\t\t\t\t\t\t<div class=\"elementor-element elementor-element-825d744 elementor-widget elementor-widget-kaffen-started\" data-id=\"825d744\" data-element_type=\"widget\" data-widget_type=\"kaffen-started.default\">\n\t\t\t\t<div class=\"elementor-widget-container\">\n\t\t\t\t\t\n    <!-- Section Started Inner -->\n    <section class=\"section kf-started-inner\">\n      <div class=\"kf-parallax-bg js-parallax\" style=\"background-image: url('https:\/\/beneditocozinhas.com\/wp-content\/uploads\/2025\/08\/9-4-scaled.jpeg');\"><\/div>\n\t  <div class=\"container\">\n        \n\t\t\t\t      <\/div>\n    <\/section>\n\n\t\t\t\t\t\t<\/div>\n\t\t\t\t<\/div>\n\t\t\t\t\t<\/div>\n\t\t<\/div>\n\t\t\t\t\t<\/div>\n\t\t<\/section>\n\t\t<div class=\"elementor-element elementor-element-d48e3c1 e-flex e-con-boxed e-con e-parent\" data-id=\"d48e3c1\" data-element_type=\"container\">\n\t\t\t\t\t<div class=\"e-con-inner\">\n\t\t<div class=\"elementor-element elementor-element-0e28fc9 e-con-full e-flex e-con e-child\" data-id=\"0e28fc9\" data-element_type=\"container\">\n\t\t\t\t<div class=\"elementor-element elementor-element-92017b9 elementor-widget__width-inherit elementor-widget elementor-widget-kaffen-heading\" data-id=\"92017b9\" data-element_type=\"widget\" data-widget_type=\"kaffen-heading.default\">\n\t\t\t\t<div class=\"elementor-widget-container\">\n\t\t\t\t\t\n        <div class=\"kf-titles align-center\">\n            <div class=\"kf-subtitle element-anim-1 scroll-animate\" data-animate=\"active\">\n        <span >\n          About Benedito Cozinhas        <\/span>\n      <\/div>\n                  <h3 class=\"kf-title element-anim-1 scroll-animate\" data-animate=\"active\">\n        <span >\n          Since 2001, transforming spaces into unique environments!        <\/span>\n      <\/h3>\n          <\/div>\n    \n\t\t\t\t\t\t<\/div>\n\t\t\t\t<\/div>\n\t\t\t\t<div class=\"elementor-element elementor-element-50c8a28 elementor-hidden-desktop elementor-hidden-tablet elementor-widget elementor-widget-text-editor\" data-id=\"50c8a28\" data-element_type=\"widget\" data-widget_type=\"text-editor.default\">\n\t\t\t\t\t\t\t\t\t<p class=\"translation-block\">Benedito Cozinhas, Lda has been working since 2001 to build a leading image in the market for kitchens, equipment, wardrobes, and interior furniture.<\/p><p>Combining the quality of raw materials with state-of-the-art technology, we create personalized environments, carefully designed to meet the needs and preferences of each client.<\/p><p>Our commitment is to transform spaces into unique environments with perfect harmony between functionality, comfort, and beauty.<\/p>\t\t\t\t\t\t\t\t<\/div>\n\t\t\t\t<div class=\"elementor-element elementor-element-2b6aaf8 elementor-hidden-mobile elementor-widget elementor-widget-text-editor\" data-id=\"2b6aaf8\" data-element_type=\"widget\" data-widget_type=\"text-editor.default\">\n\t\t\t\t\t\t\t\t\t<p class=\"translation-block\">Benedito Cozinhas, Lda has been working since 2001 to build a leading image in the market for kitchens, equipment, wardrobes, and interior furniture.<\/p><p>Combining the quality of raw materials with state-of-the-art technology, we create personalized environments, carefully designed to meet the needs and preferences of each client.<\/p><p>Our commitment is to transform spaces into unique environments with perfect harmony between functionality, comfort, and beauty.<\/p>\t\t\t\t\t\t\t\t<\/div>\n\t\t\t\t<\/div>\n\t\t\t\t\t<\/div>\n\t\t\t\t<\/div>\n\t\t\t\t<section class=\"elementor-section elementor-top-section elementor-element elementor-element-6c0d832 elementor-section-full_width elementor-section-height-default elementor-section-height-default\" data-id=\"6c0d832\" data-element_type=\"section\">\n\t\t\t\t\t\t<div class=\"elementor-container elementor-column-gap-no\">\n\t\t\t\t\t<div class=\"elementor-column elementor-col-100 elementor-top-column elementor-element elementor-element-ea5bc08\" data-id=\"ea5bc08\" data-element_type=\"column\">\n\t\t\t<div class=\"elementor-widget-wrap elementor-element-populated\">\n\t\t\t\t\t\t<div class=\"elementor-element elementor-element-c230a1e elementor-widget elementor-widget-kaffen-about-benefits\" data-id=\"c230a1e\" data-element_type=\"widget\" data-widget_type=\"kaffen-about-benefits.default\">\n\t\t\t\t<div class=\"elementor-widget-container\">\n\t\t\t\t\t\n    <!-- Section Choose -->\n    <section class=\"section kf-choose kf-choose-2\">\n      <div class=\"container\">\n        \n        <div class=\"row\">\n\t\t\t\t\t\n          <div class=\"col-xs-12 col-sm-12 col-md-12 col-lg-5 align-self-center\">\n                        <div class=\"kf-titles\">\n                            <div class=\"kf-subtitle element-anim-1 scroll-animate\" data-animate=\"active\">\n                <span >\n                  Our display                <\/span>\n              <\/div>\n                                          <h3 class=\"kf-title element-anim-1 scroll-animate\" data-animate=\"active\">\n                <span >\n                  Showroom                <\/span>\n              <\/h3>\n                          <\/div>\n            \n                        <div class=\"kf-text element-anim-1 scroll-animate\" data-animate=\"active\">\n              <div >\n                <p>By visiting our display, you can discover products highlighting the full range of furniture, a wide variety of accessories and complements, and the leading appliance brands.<\/p><p>We are at our clients\u2019 service to offer the widest range of styles and trends and to create realistic and innovative projects that meet the highest standards of aesthetics.<\/p>              <\/div>\n            <\/div>\n            \n            \n                      <\/div>\n\n\t\t\t\t\t<div class=\"col-xs-12 col-sm-12 col-md-12 col-lg-6 offset-lg-1\">\n                        <div class=\"kf-choose-image element-anim-1 scroll-animate\" data-animate=\"active\">\n              <img decoding=\"async\" src=\"https:\/\/beneditocozinhas.com\/wp-content\/uploads\/2025\/08\/3-4-scaled.jpeg\" alt=\"image\" \/>\n            <\/div>\n                      <\/div>\n\n\t\t\t\t\t\n        <\/div>\n\n      <\/div>\n    <\/section>\n\n\t\t\t\t\t\t<\/div>\n\t\t\t\t<\/div>\n\t\t\t\t\t<\/div>\n\t\t<\/div>\n\t\t\t\t\t<\/div>\n\t\t<\/section>\n\t\t\t\t<\/div>","protected":false},"excerpt":{"rendered":"<p>Sobre a Benedito Cozinhas Desde 2001, a transformar espa\u00e7os em ambientes \u00fanicos! A Benedito Cozinhas, Lda trabalha desde o ano 2001 para a constru\u00e7\u00e3o de uma imagem de refer\u00eancia no mercado da comercializa\u00e7\u00e3o de cozinhas, equipamentos, roupeiros e mobili\u00e1rio de interior.\u00a0 Aliando a qualidade&#8230; <\/p>\n<div class=\"readmore\"><a href=\"https:\/\/beneditocozinhas.com\/en\/sobre\/\" class=\"kf-btn-link\"><span>Read more<\/span> <i class=\"fas fa-chevron-right\"><\/i><\/a><\/div>","protected":false},"author":1,"featured_media":0,"parent":0,"menu_order":0,"comment_status":"closed","ping_status":"closed","template":"template-layout-builder.php","meta":{"_acf_changed":false,"footnotes":""},"class_list":["post-268","page","type-page","status-publish","hentry"],"acf":[],"yoast_head":"<!-- This site is optimized with the Yoast SEO plugin v26.0 - https:\/\/yoast.com\/wordpress\/plugins\/seo\/ -->\n<title>Quem Somos - Benedito Cozinhas (BC Design) no Algarve | Quem Somos<\/title>\n<meta name=\"description\" content=\"Conhe\u00e7a a BC Design, que desde 2001, cria cozinhas, roupeiros e mobili\u00e1rio de excel\u00eancia no Algarve. Veja a nossa hist\u00f3ria e showroom.\" \/>\n<meta name=\"robots\" content=\"index, follow, max-snippet:-1, max-image-preview:large, max-video-preview:-1\" \/>\n<link rel=\"canonical\" href=\"https:\/\/beneditocozinhas.com\/en\/sobre\/\" \/>\n<meta property=\"og:locale\" content=\"en_US\" \/>\n<meta property=\"og:type\" content=\"article\" \/>\n<meta property=\"og:title\" content=\"Quem Somos - Benedito Cozinhas (BC Design) no Algarve | Quem Somos\" \/>\n<meta property=\"og:description\" content=\"Conhe\u00e7a a BC Design, que desde 2001, cria cozinhas, roupeiros e mobili\u00e1rio de excel\u00eancia no Algarve. Veja a nossa hist\u00f3ria e showroom.\" \/>\n<meta property=\"og:url\" content=\"https:\/\/beneditocozinhas.com\/en\/sobre\/\" \/>\n<meta property=\"og:site_name\" content=\"Benedito Cozinhas\" \/>\n<meta property=\"article:publisher\" content=\"https:\/\/www.facebook.com\/p\/Benedito-Cozinhas-Lda-100054266240247\/\" \/>\n<meta property=\"article:modified_time\" content=\"2025-09-17T09:38:52+00:00\" \/>\n<meta property=\"og:image\" content=\"https:\/\/beneditocozinhas.com\/wp-content\/uploads\/2025\/08\/3-4-scaled.jpeg\" \/>\n<meta name=\"twitter:card\" content=\"summary_large_image\" \/>\n<meta name=\"twitter:label1\" content=\"Est. reading time\" \/>\n\t<meta name=\"twitter:data1\" content=\"1 minute\" \/>\n<script type=\"application\/ld+json\" class=\"yoast-schema-graph\">{\"@context\":\"https:\/\/schema.org\",\"@graph\":[{\"@type\":\"WebPage\",\"@id\":\"https:\/\/beneditocozinhas.com\/sobre\/\",\"url\":\"https:\/\/beneditocozinhas.com\/sobre\/\",\"name\":\"Quem Somos - Benedito Cozinhas (BC Design) no Algarve | Quem Somos\",\"isPartOf\":{\"@id\":\"https:\/\/beneditocozinhas.com\/#website\"},\"primaryImageOfPage\":{\"@id\":\"https:\/\/beneditocozinhas.com\/sobre\/#primaryimage\"},\"image\":{\"@id\":\"https:\/\/beneditocozinhas.com\/sobre\/#primaryimage\"},\"thumbnailUrl\":\"https:\/\/beneditocozinhas.com\/wp-content\/uploads\/2025\/08\/3-4-scaled.jpeg\",\"datePublished\":\"2022-03-26T20:47:35+00:00\",\"dateModified\":\"2025-09-17T09:38:52+00:00\",\"description\":\"Conhe\u00e7a a BC Design, que desde 2001, cria cozinhas, roupeiros e mobili\u00e1rio de excel\u00eancia no Algarve. Veja a nossa hist\u00f3ria e showroom.\",\"breadcrumb\":{\"@id\":\"https:\/\/beneditocozinhas.com\/sobre\/#breadcrumb\"},\"inLanguage\":\"en-US\",\"potentialAction\":[{\"@type\":\"ReadAction\",\"target\":[\"https:\/\/beneditocozinhas.com\/sobre\/\"]}]},{\"@type\":\"ImageObject\",\"inLanguage\":\"en-US\",\"@id\":\"https:\/\/beneditocozinhas.com\/sobre\/#primaryimage\",\"url\":\"https:\/\/beneditocozinhas.com\/wp-content\/uploads\/2025\/08\/3-4-scaled.jpeg\",\"contentUrl\":\"https:\/\/beneditocozinhas.com\/wp-content\/uploads\/2025\/08\/3-4-scaled.jpeg\"},{\"@type\":\"BreadcrumbList\",\"@id\":\"https:\/\/beneditocozinhas.com\/sobre\/#breadcrumb\",\"itemListElement\":[{\"@type\":\"ListItem\",\"position\":1,\"name\":\"In\u00edcio\",\"item\":\"https:\/\/beneditocozinhas.com\/\"},{\"@type\":\"ListItem\",\"position\":2,\"name\":\"Quem Somos\"}]},{\"@type\":\"WebSite\",\"@id\":\"https:\/\/beneditocozinhas.com\/#website\",\"url\":\"https:\/\/beneditocozinhas.com\/\",\"name\":\"BC Design | Cozinhas, Roupeiros e Mobili\u00e1rio no Algarve\",\"description\":\"Comercializa\u00e7\u00e3o de cozinhas, roupeiros e mobili\u00e1rio \u00e0 sua medida na regi\u00e3o do Algarve!\",\"publisher\":{\"@id\":\"https:\/\/beneditocozinhas.com\/#organization\"},\"alternateName\":\"Benedito Cozinhas\",\"potentialAction\":[{\"@type\":\"SearchAction\",\"target\":{\"@type\":\"EntryPoint\",\"urlTemplate\":\"https:\/\/beneditocozinhas.com\/?s={search_term_string}\"},\"query-input\":{\"@type\":\"PropertyValueSpecification\",\"valueRequired\":true,\"valueName\":\"search_term_string\"}}],\"inLanguage\":\"en-US\"},{\"@type\":\"Organization\",\"@id\":\"https:\/\/beneditocozinhas.com\/#organization\",\"name\":\"Benedito Cozinhas\",\"alternateName\":\"BC Design\",\"url\":\"https:\/\/beneditocozinhas.com\/\",\"logo\":{\"@type\":\"ImageObject\",\"inLanguage\":\"en-US\",\"@id\":\"https:\/\/beneditocozinhas.com\/#\/schema\/logo\/image\/\",\"url\":\"https:\/\/beneditocozinhas.com\/wp-content\/uploads\/2022\/04\/Logotipo-e1754851806558.jpg\",\"contentUrl\":\"https:\/\/beneditocozinhas.com\/wp-content\/uploads\/2022\/04\/Logotipo-e1754851806558.jpg\",\"width\":1256,\"height\":643,\"caption\":\"Benedito Cozinhas\"},\"image\":{\"@id\":\"https:\/\/beneditocozinhas.com\/#\/schema\/logo\/image\/\"},\"sameAs\":[\"https:\/\/www.facebook.com\/p\/Benedito-Cozinhas-Lda-100054266240247\/\",\"https:\/\/www.instagram.com\/beneditocozinhaslda\/\"]}]}<\/script>\n<!-- \/ Yoast SEO plugin. -->","yoast_head_json":{"title":"Quem Somos - Benedito Cozinhas (BC Design) no Algarve | Quem Somos","description":"Conhe\u00e7a a BC Design, que desde 2001, cria cozinhas, roupeiros e mobili\u00e1rio de excel\u00eancia no Algarve. Veja a nossa hist\u00f3ria e showroom.","robots":{"index":"index","follow":"follow","max-snippet":"max-snippet:-1","max-image-preview":"max-image-preview:large","max-video-preview":"max-video-preview:-1"},"canonical":"https:\/\/beneditocozinhas.com\/en\/sobre\/","og_locale":"en_US","og_type":"article","og_title":"Quem Somos - Benedito Cozinhas (BC Design) no Algarve | Quem Somos","og_description":"Conhe\u00e7a a BC Design, que desde 2001, cria cozinhas, roupeiros e mobili\u00e1rio de excel\u00eancia no Algarve. Veja a nossa hist\u00f3ria e showroom.","og_url":"https:\/\/beneditocozinhas.com\/en\/sobre\/","og_site_name":"Benedito Cozinhas","article_publisher":"https:\/\/www.facebook.com\/p\/Benedito-Cozinhas-Lda-100054266240247\/","article_modified_time":"2025-09-17T09:38:52+00:00","og_image":[{"url":"https:\/\/beneditocozinhas.com\/wp-content\/uploads\/2025\/08\/3-4-scaled.jpeg","type":"","width":"","height":""}],"twitter_card":"summary_large_image","twitter_misc":{"Est. reading time":"1 minute"},"schema":{"@context":"https:\/\/schema.org","@graph":[{"@type":"WebPage","@id":"https:\/\/beneditocozinhas.com\/sobre\/","url":"https:\/\/beneditocozinhas.com\/sobre\/","name":"Quem Somos - Benedito Cozinhas (BC Design) no Algarve | Quem Somos","isPartOf":{"@id":"https:\/\/beneditocozinhas.com\/#website"},"primaryImageOfPage":{"@id":"https:\/\/beneditocozinhas.com\/sobre\/#primaryimage"},"image":{"@id":"https:\/\/beneditocozinhas.com\/sobre\/#primaryimage"},"thumbnailUrl":"https:\/\/beneditocozinhas.com\/wp-content\/uploads\/2025\/08\/3-4-scaled.jpeg","datePublished":"2022-03-26T20:47:35+00:00","dateModified":"2025-09-17T09:38:52+00:00","description":"Conhe\u00e7a a BC Design, que desde 2001, cria cozinhas, roupeiros e mobili\u00e1rio de excel\u00eancia no Algarve. Veja a nossa hist\u00f3ria e showroom.","breadcrumb":{"@id":"https:\/\/beneditocozinhas.com\/sobre\/#breadcrumb"},"inLanguage":"en-US","potentialAction":[{"@type":"ReadAction","target":["https:\/\/beneditocozinhas.com\/sobre\/"]}]},{"@type":"ImageObject","inLanguage":"en-US","@id":"https:\/\/beneditocozinhas.com\/sobre\/#primaryimage","url":"https:\/\/beneditocozinhas.com\/wp-content\/uploads\/2025\/08\/3-4-scaled.jpeg","contentUrl":"https:\/\/beneditocozinhas.com\/wp-content\/uploads\/2025\/08\/3-4-scaled.jpeg"},{"@type":"BreadcrumbList","@id":"https:\/\/beneditocozinhas.com\/sobre\/#breadcrumb","itemListElement":[{"@type":"ListItem","position":1,"name":"In\u00edcio","item":"https:\/\/beneditocozinhas.com\/"},{"@type":"ListItem","position":2,"name":"Quem Somos"}]},{"@type":"WebSite","@id":"https:\/\/beneditocozinhas.com\/#website","url":"https:\/\/beneditocozinhas.com\/","name":"BC Design | Cozinhas, Roupeiros e Mobili\u00e1rio no Algarve","description":"Comercializa\u00e7\u00e3o de cozinhas, roupeiros e mobili\u00e1rio \u00e0 sua medida na regi\u00e3o do Algarve!","publisher":{"@id":"https:\/\/beneditocozinhas.com\/#organization"},"alternateName":"Benedito Cozinhas","potentialAction":[{"@type":"SearchAction","target":{"@type":"EntryPoint","urlTemplate":"https:\/\/beneditocozinhas.com\/?s={search_term_string}"},"query-input":{"@type":"PropertyValueSpecification","valueRequired":true,"valueName":"search_term_string"}}],"inLanguage":"en-US"},{"@type":"Organization","@id":"https:\/\/beneditocozinhas.com\/#organization","name":"Benedito Cozinhas","alternateName":"BC Design","url":"https:\/\/beneditocozinhas.com\/","logo":{"@type":"ImageObject","inLanguage":"en-US","@id":"https:\/\/beneditocozinhas.com\/#\/schema\/logo\/image\/","url":"https:\/\/beneditocozinhas.com\/wp-content\/uploads\/2022\/04\/Logotipo-e1754851806558.jpg","contentUrl":"https:\/\/beneditocozinhas.com\/wp-content\/uploads\/2022\/04\/Logotipo-e1754851806558.jpg","width":1256,"height":643,"caption":"Benedito Cozinhas"},"image":{"@id":"https:\/\/beneditocozinhas.com\/#\/schema\/logo\/image\/"},"sameAs":["https:\/\/www.facebook.com\/p\/Benedito-Cozinhas-Lda-100054266240247\/","https:\/\/www.instagram.com\/beneditocozinhaslda\/"]}]}},"_links":{"self":[{"href":"https:\/\/beneditocozinhas.com\/en\/wp-json\/wp\/v2\/pages\/268","targetHints":{"allow":["GET"]}}],"collection":[{"href":"https:\/\/beneditocozinhas.com\/en\/wp-json\/wp\/v2\/pages"}],"about":[{"href":"https:\/\/beneditocozinhas.com\/en\/wp-json\/wp\/v2\/types\/page"}],"author":[{"embeddable":true,"href":"https:\/\/beneditocozinhas.com\/en\/wp-json\/wp\/v2\/users\/1"}],"replies":[{"embeddable":true,"href":"https:\/\/beneditocozinhas.com\/en\/wp-json\/wp\/v2\/comments?post=268"}],"version-history":[{"count":60,"href":"https:\/\/beneditocozinhas.com\/en\/wp-json\/wp\/v2\/pages\/268\/revisions"}],"predecessor-version":[{"id":2694,"href":"https:\/\/beneditocozinhas.com\/en\/wp-json\/wp\/v2\/pages\/268\/revisions\/2694"}],"wp:attachment":[{"href":"https:\/\/beneditocozinhas.com\/en\/wp-json\/wp\/v2\/media?parent=268"}],"curies":[{"name":"wp","href":"https:\/\/api.w.org\/{rel}","templated":true}]}}