{"id":17,"date":"2022-03-21T15:39:46","date_gmt":"2022-03-21T15:39:46","guid":{"rendered":"https:\/\/kaffen-demo.bslthemes.com\/?page_id=17"},"modified":"2025-09-11T17:51:05","modified_gmt":"2025-09-11T17:51:05","slug":"home","status":"publish","type":"page","link":"https:\/\/beneditocozinhas.com\/en\/","title":{"rendered":"Home"},"content":{"rendered":"<div data-elementor-type=\"wp-page\" data-elementor-id=\"17\" class=\"elementor elementor-17\">\n\t\t\t\t<div class=\"elementor-element elementor-element-d69d45b e-con-full elementor-hidden-desktop elementor-hidden-tablet e-flex e-con e-parent\" data-id=\"d69d45b\" data-element_type=\"container\">\n\t\t\t\t<div class=\"elementor-element elementor-element-2f70c35 elementor-widget elementor-widget-shortcode\" data-id=\"2f70c35\" data-element_type=\"widget\" data-widget_type=\"shortcode.default\">\n\t\t\t\t\t\t\t<div class=\"elementor-shortcode\"><\/div>\n\t\t\t\t\t\t<\/div>\n\t\t<div class=\"elementor-element elementor-element-1d36c5d e-con-full e-flex e-con e-child\" data-id=\"1d36c5d\" data-element_type=\"container\" data-settings=\"{&quot;position&quot;:&quot;absolute&quot;}\">\n\t\t<div class=\"elementor-element elementor-element-a2d28dd e-con-full e-flex e-con e-child\" data-id=\"a2d28dd\" data-element_type=\"container\">\n\t\t\t\t<div class=\"elementor-element elementor-element-852d127 elementor-widget elementor-widget-heading\" data-id=\"852d127\" data-element_type=\"widget\" data-widget_type=\"heading.default\">\n\t\t\t\t\t<h5 class=\"elementor-heading-title elementor-size-default\">Since 2001, transforming spaces into unique environments!<\/h5>\t\t\t\t<\/div>\n\t\t\t\t<\/div>\n\t\t\t\t<div class=\"elementor-element elementor-element-f81171b elementor-widget elementor-widget-heading\" data-id=\"f81171b\" data-element_type=\"widget\" data-widget_type=\"heading.default\">\n\t\t\t\t\t<h1 class=\"elementor-heading-title elementor-size-default\">Welcome to BC Design<\/h1>\t\t\t\t<\/div>\n\t\t\t\t<div class=\"elementor-element elementor-element-00d3da3 elementor-widget elementor-widget-image\" data-id=\"00d3da3\" data-element_type=\"widget\" data-widget_type=\"image.default\">\n\t\t\t\t\t\t\t\t\t\t\t\t\t\t\t<img decoding=\"async\" src=\"https:\/\/beneditocozinhas.com\/wp-content\/uploads\/elementor\/thumbs\/by-Benedito-Cozinhas-rblylih99ii6fdpf51v2fn3ctqjmbpn4pevw6u89rk.png\" title=\"by Benedito Cozinhas\" alt=\"by Benedito Cozinhas\" loading=\"lazy\" \/>\t\t\t\t\t\t\t\t\t\t\t\t\t\t\t<\/div>\n\t\t<div class=\"elementor-element elementor-element-a90991a e-con-full e-flex e-con e-child\" data-id=\"a90991a\" data-element_type=\"container\">\n\t\t\t\t<div class=\"elementor-element elementor-element-a76e27e elementor-align-center elementor-widget elementor-widget-button\" data-id=\"a76e27e\" data-element_type=\"widget\" data-widget_type=\"button.default\">\n\t\t\t\t\t\t\t\t\t\t<a class=\"elementor-button elementor-button-link elementor-size-sm elementor-animation-grow\" href=\"https:\/\/beneditocozinhas.com\/en\/contactos\/\">\n\t\t\t\t\t\t<span class=\"elementor-button-content-wrapper\">\n\t\t\t\t\t\t\t\t\t<span class=\"elementor-button-text\">AGENDE VISITA<\/span>\n\t\t\t\t\t<\/span>\n\t\t\t\t\t<\/a>\n\t\t\t\t\t\t\t\t<\/div>\n\t\t\t\t<\/div>\n\t\t\t\t<\/div>\n\t\t\t\t<\/div>\n\t\t<div class=\"elementor-element elementor-element-af925cf elementor-hidden-mobile e-flex e-con-boxed e-con e-parent\" data-id=\"af925cf\" data-element_type=\"container\">\n\t\t\t\t\t<div class=\"e-con-inner\">\n\t\t\t\t<div class=\"elementor-element elementor-element-53d1f03 elementor-widget elementor-widget-shortcode\" data-id=\"53d1f03\" data-element_type=\"widget\" data-widget_type=\"shortcode.default\">\n\t\t\t\t\t\t\t<div class=\"elementor-shortcode\"><\/div>\n\t\t\t\t\t\t<\/div>\n\t\t<div class=\"elementor-element elementor-element-8b529c8 e-con-full e-flex e-con e-child\" data-id=\"8b529c8\" data-element_type=\"container\" data-settings=\"{&quot;position&quot;:&quot;absolute&quot;}\">\n\t\t<div class=\"elementor-element elementor-element-b5d0459 e-con-full e-flex e-con e-child\" data-id=\"b5d0459\" data-element_type=\"container\">\n\t\t\t\t<div class=\"elementor-element elementor-element-fae9ae8 elementor-widget elementor-widget-heading\" data-id=\"fae9ae8\" data-element_type=\"widget\" data-widget_type=\"heading.default\">\n\t\t\t\t\t<h5 class=\"elementor-heading-title elementor-size-default\">Since 2001, transforming spaces into unique environments!<\/h5>\t\t\t\t<\/div>\n\t\t\t\t<\/div>\n\t\t\t\t<div class=\"elementor-element elementor-element-dfa8ac9 elementor-widget elementor-widget-heading\" data-id=\"dfa8ac9\" data-element_type=\"widget\" data-widget_type=\"heading.default\">\n\t\t\t\t\t<h1 class=\"elementor-heading-title elementor-size-default\">Welcome to BC Design<\/h1>\t\t\t\t<\/div>\n\t\t<div class=\"elementor-element elementor-element-fdeb2a9 e-con-full e-flex e-con e-child\" data-id=\"fdeb2a9\" data-element_type=\"container\">\n\t\t\t\t<div class=\"elementor-element elementor-element-4ee631a elementor-widget elementor-widget-image\" data-id=\"4ee631a\" data-element_type=\"widget\" data-widget_type=\"image.default\">\n\t\t\t\t\t\t\t\t\t\t\t\t\t\t\t<img decoding=\"async\" src=\"https:\/\/beneditocozinhas.com\/wp-content\/uploads\/elementor\/thumbs\/by-Benedito-Cozinhas-rblylihbku6bm29dag0m8ot82dhqcuzqy75u0vqjti.png\" title=\"by Benedito Cozinhas\" alt=\"by Benedito Cozinhas\" loading=\"lazy\" \/>\t\t\t\t\t\t\t\t\t\t\t\t\t\t\t<\/div>\n\t\t\t\t<\/div>\n\t\t<div class=\"elementor-element elementor-element-d1a6450 e-con-full e-flex e-con e-child\" data-id=\"d1a6450\" data-element_type=\"container\">\n\t\t\t\t<div class=\"elementor-element elementor-element-f00805a elementor-align-center elementor-widget elementor-widget-button\" data-id=\"f00805a\" data-element_type=\"widget\" data-widget_type=\"button.default\">\n\t\t\t\t\t\t\t\t\t\t<a class=\"elementor-button elementor-button-link elementor-size-sm elementor-animation-grow\" href=\"https:\/\/beneditocozinhas.com\/en\/contactos\/\">\n\t\t\t\t\t\t<span class=\"elementor-button-content-wrapper\">\n\t\t\t\t\t\t\t\t\t<span class=\"elementor-button-text\">PLAN A VISIT<\/span>\n\t\t\t\t\t<\/span>\n\t\t\t\t\t<\/a>\n\t\t\t\t\t\t\t\t<\/div>\n\t\t\t\t<\/div>\n\t\t\t\t<\/div>\n\t\t\t\t\t<\/div>\n\t\t\t\t<\/div>\n\t\t\t\t<\/div>","protected":false},"excerpt":{"rendered":"<p>Desde 2001, a transformar espa\u00e7os em ambientes \u00fanicos! Bem vindos \u00e0 BC Design AGENDE VISITA Desde 2001, a transformar espa\u00e7os em ambientes \u00fanicos! Bem vindos \u00e0 BC Design AGENDAR VISITA<\/p>","protected":false},"author":1,"featured_media":0,"parent":0,"menu_order":0,"comment_status":"closed","ping_status":"closed","template":"template-layout-builder.php","meta":{"_acf_changed":false,"footnotes":""},"class_list":["post-17","page","type-page","status-publish","hentry"],"acf":[],"yoast_head":"<!-- This site is optimized with the Yoast SEO plugin v26.0 - https:\/\/yoast.com\/wordpress\/plugins\/seo\/ -->\n<title>In\u00edcio - Benedito Cozinhas (BC Design) - S\u00e3o Br\u00e1s, Algarve<\/title>\n<meta name=\"description\" content=\"BC Design cria cozinhas por medida, roupeiros e mobili\u00e1rio no Algarve desde 2001. Qualidade, design e funcionalidade \u00fanicas.\" \/>\n<meta name=\"robots\" content=\"index, follow, max-snippet:-1, max-image-preview:large, max-video-preview:-1\" \/>\n<link rel=\"canonical\" href=\"https:\/\/beneditocozinhas.com\/en\/\" \/>\n<meta property=\"og:locale\" content=\"en_US\" \/>\n<meta property=\"og:type\" content=\"article\" \/>\n<meta property=\"og:title\" content=\"In\u00edcio - Benedito Cozinhas (BC Design) - S\u00e3o Br\u00e1s, Algarve\" \/>\n<meta property=\"og:description\" content=\"BC Design cria cozinhas por medida, roupeiros e mobili\u00e1rio no Algarve desde 2001. Qualidade, design e funcionalidade \u00fanicas.\" \/>\n<meta property=\"og:url\" content=\"https:\/\/beneditocozinhas.com\/en\/\" \/>\n<meta property=\"og:site_name\" content=\"Benedito Cozinhas\" \/>\n<meta property=\"article:publisher\" content=\"https:\/\/www.facebook.com\/p\/Benedito-Cozinhas-Lda-100054266240247\/\" \/>\n<meta property=\"article:modified_time\" content=\"2025-09-11T17:51:05+00:00\" \/>\n<meta property=\"og:image\" content=\"https:\/\/beneditocozinhas.com\/wp-content\/uploads\/elementor\/thumbs\/by-Benedito-Cozinhas-rblylih99ii6fdpf51v2fn3ctqjmbpn4pevw6u89ru.png\" \/>\n<meta name=\"twitter:card\" content=\"summary_large_image\" \/>\n<meta name=\"twitter:label1\" content=\"Est. reading time\" \/>\n\t<meta name=\"twitter:data1\" content=\"1 minute\" \/>\n<script type=\"application\/ld+json\" class=\"yoast-schema-graph\">{\"@context\":\"https:\/\/schema.org\",\"@graph\":[{\"@type\":\"WebPage\",\"@id\":\"https:\/\/beneditocozinhas.com\/\",\"url\":\"https:\/\/beneditocozinhas.com\/\",\"name\":\"In\u00edcio - Benedito Cozinhas (BC Design) - S\u00e3o Br\u00e1s, Algarve\",\"isPartOf\":{\"@id\":\"https:\/\/beneditocozinhas.com\/#website\"},\"primaryImageOfPage\":{\"@id\":\"https:\/\/beneditocozinhas.com\/#primaryimage\"},\"image\":{\"@id\":\"https:\/\/beneditocozinhas.com\/#primaryimage\"},\"thumbnailUrl\":\"https:\/\/beneditocozinhas.com\/wp-content\/uploads\/elementor\/thumbs\/by-Benedito-Cozinhas-rblylih99ii6fdpf51v2fn3ctqjmbpn4pevw6u89ru.png\",\"datePublished\":\"2022-03-21T15:39:46+00:00\",\"dateModified\":\"2025-09-11T17:51:05+00:00\",\"description\":\"BC Design cria cozinhas por medida, roupeiros e mobili\u00e1rio no Algarve desde 2001. Qualidade, design e funcionalidade \u00fanicas.\",\"breadcrumb\":{\"@id\":\"https:\/\/beneditocozinhas.com\/#breadcrumb\"},\"inLanguage\":\"en-US\",\"potentialAction\":[{\"@type\":\"ReadAction\",\"target\":[\"https:\/\/beneditocozinhas.com\/\"]}]},{\"@type\":\"ImageObject\",\"inLanguage\":\"en-US\",\"@id\":\"https:\/\/beneditocozinhas.com\/#primaryimage\",\"url\":\"https:\/\/beneditocozinhas.com\/wp-content\/uploads\/elementor\/thumbs\/by-Benedito-Cozinhas-rblylih99ii6fdpf51v2fn3ctqjmbpn4pevw6u89ru.png\",\"contentUrl\":\"https:\/\/beneditocozinhas.com\/wp-content\/uploads\/elementor\/thumbs\/by-Benedito-Cozinhas-rblylih99ii6fdpf51v2fn3ctqjmbpn4pevw6u89ru.png\"},{\"@type\":\"BreadcrumbList\",\"@id\":\"https:\/\/beneditocozinhas.com\/#breadcrumb\",\"itemListElement\":[{\"@type\":\"ListItem\",\"position\":1,\"name\":\"In\u00edcio\",\"item\":\"https:\/\/beneditocozinhas.com\/\"},{\"@type\":\"ListItem\",\"position\":2,\"name\":\"In\u00edcio\"}]},{\"@type\":\"WebSite\",\"@id\":\"https:\/\/beneditocozinhas.com\/#website\",\"url\":\"https:\/\/beneditocozinhas.com\/\",\"name\":\"BC Design | Cozinhas, Roupeiros e Mobili\u00e1rio no Algarve\",\"description\":\"Comercializa\u00e7\u00e3o de cozinhas, roupeiros e mobili\u00e1rio \u00e0 sua medida na regi\u00e3o do Algarve!\",\"publisher\":{\"@id\":\"https:\/\/beneditocozinhas.com\/#organization\"},\"alternateName\":\"Benedito Cozinhas\",\"potentialAction\":[{\"@type\":\"SearchAction\",\"target\":{\"@type\":\"EntryPoint\",\"urlTemplate\":\"https:\/\/beneditocozinhas.com\/?s={search_term_string}\"},\"query-input\":{\"@type\":\"PropertyValueSpecification\",\"valueRequired\":true,\"valueName\":\"search_term_string\"}}],\"inLanguage\":\"en-US\"},{\"@type\":\"Organization\",\"@id\":\"https:\/\/beneditocozinhas.com\/#organization\",\"name\":\"Benedito Cozinhas\",\"alternateName\":\"BC Design\",\"url\":\"https:\/\/beneditocozinhas.com\/\",\"logo\":{\"@type\":\"ImageObject\",\"inLanguage\":\"en-US\",\"@id\":\"https:\/\/beneditocozinhas.com\/#\/schema\/logo\/image\/\",\"url\":\"https:\/\/beneditocozinhas.com\/wp-content\/uploads\/2022\/04\/Logotipo-e1754851806558.jpg\",\"contentUrl\":\"https:\/\/beneditocozinhas.com\/wp-content\/uploads\/2022\/04\/Logotipo-e1754851806558.jpg\",\"width\":1256,\"height\":643,\"caption\":\"Benedito Cozinhas\"},\"image\":{\"@id\":\"https:\/\/beneditocozinhas.com\/#\/schema\/logo\/image\/\"},\"sameAs\":[\"https:\/\/www.facebook.com\/p\/Benedito-Cozinhas-Lda-100054266240247\/\",\"https:\/\/www.instagram.com\/beneditocozinhaslda\/\"]}]}<\/script>\n<!-- \/ Yoast SEO plugin. -->","yoast_head_json":{"title":"In\u00edcio - Benedito Cozinhas (BC Design) - S\u00e3o Br\u00e1s, Algarve","description":"BC Design cria cozinhas por medida, roupeiros e mobili\u00e1rio no Algarve desde 2001. Qualidade, design e funcionalidade \u00fanicas.","robots":{"index":"index","follow":"follow","max-snippet":"max-snippet:-1","max-image-preview":"max-image-preview:large","max-video-preview":"max-video-preview:-1"},"canonical":"https:\/\/beneditocozinhas.com\/en\/","og_locale":"en_US","og_type":"article","og_title":"In\u00edcio - Benedito Cozinhas (BC Design) - S\u00e3o Br\u00e1s, Algarve","og_description":"BC Design cria cozinhas por medida, roupeiros e mobili\u00e1rio no Algarve desde 2001. Qualidade, design e funcionalidade \u00fanicas.","og_url":"https:\/\/beneditocozinhas.com\/en\/","og_site_name":"Benedito Cozinhas","article_publisher":"https:\/\/www.facebook.com\/p\/Benedito-Cozinhas-Lda-100054266240247\/","article_modified_time":"2025-09-11T17:51:05+00:00","og_image":[{"url":"https:\/\/beneditocozinhas.com\/wp-content\/uploads\/elementor\/thumbs\/by-Benedito-Cozinhas-rblylih99ii6fdpf51v2fn3ctqjmbpn4pevw6u89ru.png","type":"","width":"","height":""}],"twitter_card":"summary_large_image","twitter_misc":{"Est. reading time":"1 minute"},"schema":{"@context":"https:\/\/schema.org","@graph":[{"@type":"WebPage","@id":"https:\/\/beneditocozinhas.com\/","url":"https:\/\/beneditocozinhas.com\/","name":"In\u00edcio - Benedito Cozinhas (BC Design) - S\u00e3o Br\u00e1s, Algarve","isPartOf":{"@id":"https:\/\/beneditocozinhas.com\/#website"},"primaryImageOfPage":{"@id":"https:\/\/beneditocozinhas.com\/#primaryimage"},"image":{"@id":"https:\/\/beneditocozinhas.com\/#primaryimage"},"thumbnailUrl":"https:\/\/beneditocozinhas.com\/wp-content\/uploads\/elementor\/thumbs\/by-Benedito-Cozinhas-rblylih99ii6fdpf51v2fn3ctqjmbpn4pevw6u89ru.png","datePublished":"2022-03-21T15:39:46+00:00","dateModified":"2025-09-11T17:51:05+00:00","description":"BC Design cria cozinhas por medida, roupeiros e mobili\u00e1rio no Algarve desde 2001. Qualidade, design e funcionalidade \u00fanicas.","breadcrumb":{"@id":"https:\/\/beneditocozinhas.com\/#breadcrumb"},"inLanguage":"en-US","potentialAction":[{"@type":"ReadAction","target":["https:\/\/beneditocozinhas.com\/"]}]},{"@type":"ImageObject","inLanguage":"en-US","@id":"https:\/\/beneditocozinhas.com\/#primaryimage","url":"https:\/\/beneditocozinhas.com\/wp-content\/uploads\/elementor\/thumbs\/by-Benedito-Cozinhas-rblylih99ii6fdpf51v2fn3ctqjmbpn4pevw6u89ru.png","contentUrl":"https:\/\/beneditocozinhas.com\/wp-content\/uploads\/elementor\/thumbs\/by-Benedito-Cozinhas-rblylih99ii6fdpf51v2fn3ctqjmbpn4pevw6u89ru.png"},{"@type":"BreadcrumbList","@id":"https:\/\/beneditocozinhas.com\/#breadcrumb","itemListElement":[{"@type":"ListItem","position":1,"name":"In\u00edcio","item":"https:\/\/beneditocozinhas.com\/"},{"@type":"ListItem","position":2,"name":"In\u00edcio"}]},{"@type":"WebSite","@id":"https:\/\/beneditocozinhas.com\/#website","url":"https:\/\/beneditocozinhas.com\/","name":"BC Design | Cozinhas, Roupeiros e Mobili\u00e1rio no Algarve","description":"Comercializa\u00e7\u00e3o de cozinhas, roupeiros e mobili\u00e1rio \u00e0 sua medida na regi\u00e3o do Algarve!","publisher":{"@id":"https:\/\/beneditocozinhas.com\/#organization"},"alternateName":"Benedito Cozinhas","potentialAction":[{"@type":"SearchAction","target":{"@type":"EntryPoint","urlTemplate":"https:\/\/beneditocozinhas.com\/?s={search_term_string}"},"query-input":{"@type":"PropertyValueSpecification","valueRequired":true,"valueName":"search_term_string"}}],"inLanguage":"en-US"},{"@type":"Organization","@id":"https:\/\/beneditocozinhas.com\/#organization","name":"Benedito Cozinhas","alternateName":"BC Design","url":"https:\/\/beneditocozinhas.com\/","logo":{"@type":"ImageObject","inLanguage":"en-US","@id":"https:\/\/beneditocozinhas.com\/#\/schema\/logo\/image\/","url":"https:\/\/beneditocozinhas.com\/wp-content\/uploads\/2022\/04\/Logotipo-e1754851806558.jpg","contentUrl":"https:\/\/beneditocozinhas.com\/wp-content\/uploads\/2022\/04\/Logotipo-e1754851806558.jpg","width":1256,"height":643,"caption":"Benedito Cozinhas"},"image":{"@id":"https:\/\/beneditocozinhas.com\/#\/schema\/logo\/image\/"},"sameAs":["https:\/\/www.facebook.com\/p\/Benedito-Cozinhas-Lda-100054266240247\/","https:\/\/www.instagram.com\/beneditocozinhaslda\/"]}]}},"_links":{"self":[{"href":"https:\/\/beneditocozinhas.com\/en\/wp-json\/wp\/v2\/pages\/17","targetHints":{"allow":["GET"]}}],"collection":[{"href":"https:\/\/beneditocozinhas.com\/en\/wp-json\/wp\/v2\/pages"}],"about":[{"href":"https:\/\/beneditocozinhas.com\/en\/wp-json\/wp\/v2\/types\/page"}],"author":[{"embeddable":true,"href":"https:\/\/beneditocozinhas.com\/en\/wp-json\/wp\/v2\/users\/1"}],"replies":[{"embeddable":true,"href":"https:\/\/beneditocozinhas.com\/en\/wp-json\/wp\/v2\/comments?post=17"}],"version-history":[{"count":176,"href":"https:\/\/beneditocozinhas.com\/en\/wp-json\/wp\/v2\/pages\/17\/revisions"}],"predecessor-version":[{"id":2481,"href":"https:\/\/beneditocozinhas.com\/en\/wp-json\/wp\/v2\/pages\/17\/revisions\/2481"}],"wp:attachment":[{"href":"https:\/\/beneditocozinhas.com\/en\/wp-json\/wp\/v2\/media?parent=17"}],"curies":[{"name":"wp","href":"https:\/\/api.w.org\/{rel}","templated":true}]}}